{"id":3668,"date":"2022-10-14T15:06:07","date_gmt":"2022-10-14T13:06:07","guid":{"rendered":"https:\/\/jednostki.uksw.edu.pl\/ncpz\/badania-naukowe\/"},"modified":"2024-01-30T11:26:51","modified_gmt":"2024-01-30T10:26:51","slug":"o-nas","status":"publish","type":"page","link":"https:\/\/ncpz.uksw.edu.pl\/o-nas\/","title":{"rendered":"O nas"},"content":{"rendered":"\n<p>Narodowe Centrum Polityki Zdrowotnej i Bada\u0144 Nad Nier\u00f3wno\u015bciami W Zdrowiu zosta\u0142o powo\u0142ane Z inicjatywy Ministerstwa Edukacji i Nauki w 2023 roku, jest ukierunkowane na rozw\u00f3j bada\u0144 naukowych nad polityk\u0105 zdrowotn\u0105 na rzecz zwi\u0119kszenia efektywno\u015bci funkcjonowania systemu opieki zdrowotnej w Polsce, popraw\u0119 stanu zdrowia poprzez promowanie rozwi\u0105za\u0144 profilaktyki i promocji zdrowia.<\/p>\n","protected":false},"excerpt":{"rendered":"<p>Narodowe Centrum Polityki Zdrowotnej i Bada\u0144 Nad Nier\u00f3wno\u015bciami W Zdrowiu zosta\u0142o powo\u0142ane Z inicjatywy Ministerstwa Edukacji i Nauki w 2023 roku, jest ukierunkowane na rozw\u00f3j bada\u0144 naukowych nad polityk\u0105 zdrowotn\u0105 na rzecz zwi\u0119kszenia efektywno\u015bci funkcjonowania systemu opieki zdrowotnej w Polsce, popraw\u0119 stanu zdrowia poprzez promowanie rozwi\u0105za\u0144 profilaktyki i promocji zdrowia.<\/p>\n","protected":false},"author":1,"featured_media":0,"parent":0,"menu_order":1,"comment_status":"closed","ping_status":"closed","template":"page-templates\/template-sub-page.php","meta":{"_acf_changed":false,"inline_featured_image":false,"footnotes":"","_links_to":"","_links_to_target":""},"class_list":["post-3668","page","type-page","status-publish","hentry"],"acf":[],"_links":{"self":[{"href":"https:\/\/ncpz.uksw.edu.pl\/pl\/wp-json\/wp\/v2\/pages\/3668","targetHints":{"allow":["GET"]}}],"collection":[{"href":"https:\/\/ncpz.uksw.edu.pl\/pl\/wp-json\/wp\/v2\/pages"}],"about":[{"href":"https:\/\/ncpz.uksw.edu.pl\/pl\/wp-json\/wp\/v2\/types\/page"}],"author":[{"embeddable":true,"href":"https:\/\/ncpz.uksw.edu.pl\/pl\/wp-json\/wp\/v2\/users\/1"}],"replies":[{"embeddable":true,"href":"https:\/\/ncpz.uksw.edu.pl\/pl\/wp-json\/wp\/v2\/comments?post=3668"}],"version-history":[{"count":40,"href":"https:\/\/ncpz.uksw.edu.pl\/pl\/wp-json\/wp\/v2\/pages\/3668\/revisions"}],"predecessor-version":[{"id":22464,"href":"https:\/\/ncpz.uksw.edu.pl\/pl\/wp-json\/wp\/v2\/pages\/3668\/revisions\/22464"}],"wp:attachment":[{"href":"https:\/\/ncpz.uksw.edu.pl\/pl\/wp-json\/wp\/v2\/media?parent=3668"}],"curies":[{"name":"wp","href":"https:\/\/api.w.org\/{rel}","templated":true}]}}