{"id":3365,"date":"2022-08-05T10:08:24","date_gmt":"2022-08-05T08:08:24","guid":{"rendered":"https:\/\/jednostki.uksw.edu.pl\/wfch\/?page_id=30"},"modified":"2024-01-30T12:36:19","modified_gmt":"2024-01-30T11:36:19","slug":"kontakt","status":"publish","type":"page","link":"https:\/\/ncpz.uksw.edu.pl\/kontakt\/","title":{"rendered":"Kontakt"},"content":{"rendered":"\r\n<div class=\"\">\r\n\r\n<div class=\"row\">\r\n\r\n  \r\n\r\n\r\n     <div class=\"col-xl-12 col-lg-6 col-md-12 col-sm-12 project\">\r\n\t\t\t<div class=\"contact_box project_box\">\r\n\t\t\t<div class=\"headingh2\">Narodowe Centrum Polityki Zdrowotnej i Bada\u0144 Nad Nier\u00f3wno\u015bciami w Zdrowiu<\/div>\r\n\t\t\t<div class=\"headingh3\"><\/div><br>\r\n\r\n\r\n\t\t\t<p>Dewajtis 5, 01-815 Warszawa<br \/>\ntel.:<br \/>\ne-mail: ncpz@uksw.edu.pl<\/p>\n\t\t\t<\/div>\r\n    <\/div>\r\n\r\n\t\r\n\t \r\n\r\n\r\n<\/div>\r\n  \r\n<\/div>\r\n","protected":false},"excerpt":{"rendered":"","protected":false},"author":7,"featured_media":0,"parent":0,"menu_order":0,"comment_status":"closed","ping_status":"closed","template":"page-templates\/template-sub-page.php","meta":{"_acf_changed":false,"inline_featured_image":false,"footnotes":"","_links_to":"","_links_to_target":""},"class_list":["post-3365","page","type-page","status-publish","hentry"],"acf":[],"_links":{"self":[{"href":"https:\/\/ncpz.uksw.edu.pl\/pl\/wp-json\/wp\/v2\/pages\/3365","targetHints":{"allow":["GET"]}}],"collection":[{"href":"https:\/\/ncpz.uksw.edu.pl\/pl\/wp-json\/wp\/v2\/pages"}],"about":[{"href":"https:\/\/ncpz.uksw.edu.pl\/pl\/wp-json\/wp\/v2\/types\/page"}],"author":[{"embeddable":true,"href":"https:\/\/ncpz.uksw.edu.pl\/pl\/wp-json\/wp\/v2\/users\/7"}],"replies":[{"embeddable":true,"href":"https:\/\/ncpz.uksw.edu.pl\/pl\/wp-json\/wp\/v2\/comments?post=3365"}],"version-history":[{"count":75,"href":"https:\/\/ncpz.uksw.edu.pl\/pl\/wp-json\/wp\/v2\/pages\/3365\/revisions"}],"predecessor-version":[{"id":22476,"href":"https:\/\/ncpz.uksw.edu.pl\/pl\/wp-json\/wp\/v2\/pages\/3365\/revisions\/22476"}],"wp:attachment":[{"href":"https:\/\/ncpz.uksw.edu.pl\/pl\/wp-json\/wp\/v2\/media?parent=3365"}],"curies":[{"name":"wp","href":"https:\/\/api.w.org\/{rel}","templated":true}]}}