{"id":22456,"date":"2024-01-30T11:19:43","date_gmt":"2024-01-30T10:19:43","guid":{"rendered":"https:\/\/ncpz.uksw.edu.pl\/?page_id=22456"},"modified":"2024-01-30T13:45:24","modified_gmt":"2024-01-30T12:45:24","slug":"konferencje-i-warsztaty","status":"publish","type":"page","link":"https:\/\/ncpz.uksw.edu.pl\/dzialalnosc\/konferencje-i-warsztaty\/","title":{"rendered":"Konferencje i warsztaty"},"content":{"rendered":"\n<h2 class=\"wp-block-heading\"><strong><em>Narodowy Szczyt Polityki Zdrowotnej \u2013 kongres<\/em><\/strong><\/h2>\n\n\n\n<p>Dzia\u0142ania w roku 2026<\/p>\n\n\n\n<ol class=\"wp-block-list\" type=\"1\" start=\"1\">\n<li>Powo\u0142anie komitetu naukowego i organizacyjnego<\/li>\n\n\n\n<li>Zaproszenie kluczowych go\u015bci i wyk\u0142adowc\u00f3w<\/li>\n\n\n\n<li>Utworzenie podstrony kongresu na portalu www<\/li>\n\n\n\n<li>Wyb\u00f3r podwykonawc\u00f3w w zakresie obs\u0142ugi i \u015bwiadcze\u0144 wspieraj\u0105cych<\/li>\n\n\n\n<li>Organizacja kongresu<\/li>\n<\/ol>\n\n\n\n<p>Konferencja naukowa ma \u0142\u0105czy\u0107 \u015brodowisko naukowe w Polsce zajmuj\u0105ce si\u0119 problematyk\u0105 szeroko poj\u0119tej polityki zdrowotnej z ich kreatorami oraz realizatorami. Zatem grupa docelowa uczestnik\u00f3w konferencji obejmuje: przedstawicieli organ\u00f3w pa\u0144stwa (Ministerstwo Zdrowia, NFZ, ZUS, Sejmowa Komisja Zdrowia, Ministerstwo Edukacji i Nauki). Konferencja skierowana b\u0119dzie do ca\u0142ego \u015brodowiska naukowego w Polsce, a w szczeg\u00f3lno\u015bci, w\u015br\u00f3d partner\u00f3w lidera wydarzenia czyli Uniwersytetu Kardyna\u0142a Stefana Wyszy\u0144skiego planuje si\u0119 udzia\u0142 nast\u0119puj\u0105cych o\u015brodk\u00f3w akademickich: Uniwersytet Medyczny im. Karola Marcinkowskiego w Poznaniu, Uniwersytet Zielonog\u00f3rski, Uniwersytet im. A. Mickiewicza w Poznaniu, Gda\u0144ski Uniwersytet Medyczny. Ponadto podczas kongresu przewidziana jest sesja specjalna z udzia\u0142em przedstawicieli Kraj\u00f3w Tr\u00f3jmorza. Kongres b\u0119dzie realizowany w formie hybrydowej, planujemy jeden dzie\u0144 obrad na terenie kampusu UKSW z udzia\u0142em do 200 os\u00f3b.<\/p>\n","protected":false},"excerpt":{"rendered":"<p>Narodowy Szczyt Polityki Zdrowotnej \u2013 kongres Dzia\u0142ania w roku 2026 Konferencja naukowa ma \u0142\u0105czy\u0107 \u015brodowisko naukowe w Polsce zajmuj\u0105ce si\u0119 problematyk\u0105 szeroko poj\u0119tej polityki zdrowotnej z ich kreatorami oraz realizatorami. Zatem grupa docelowa uczestnik\u00f3w konferencji obejmuje: przedstawicieli organ\u00f3w pa\u0144stwa (Ministerstwo Zdrowia, NFZ, ZUS, Sejmowa Komisja Zdrowia, Ministerstwo Edukacji i Nauki). Konferencja skierowana b\u0119dzie do ca\u0142ego [&hellip;]<\/p>\n","protected":false},"author":62,"featured_media":0,"parent":22450,"menu_order":0,"comment_status":"closed","ping_status":"closed","template":"page-templates\/template-sub-page.php","meta":{"_acf_changed":false,"inline_featured_image":false,"footnotes":"","_links_to":"","_links_to_target":""},"class_list":["post-22456","page","type-page","status-publish","hentry"],"acf":[],"_links":{"self":[{"href":"https:\/\/ncpz.uksw.edu.pl\/pl\/wp-json\/wp\/v2\/pages\/22456","targetHints":{"allow":["GET"]}}],"collection":[{"href":"https:\/\/ncpz.uksw.edu.pl\/pl\/wp-json\/wp\/v2\/pages"}],"about":[{"href":"https:\/\/ncpz.uksw.edu.pl\/pl\/wp-json\/wp\/v2\/types\/page"}],"author":[{"embeddable":true,"href":"https:\/\/ncpz.uksw.edu.pl\/pl\/wp-json\/wp\/v2\/users\/62"}],"replies":[{"embeddable":true,"href":"https:\/\/ncpz.uksw.edu.pl\/pl\/wp-json\/wp\/v2\/comments?post=22456"}],"version-history":[{"count":2,"href":"https:\/\/ncpz.uksw.edu.pl\/pl\/wp-json\/wp\/v2\/pages\/22456\/revisions"}],"predecessor-version":[{"id":22539,"href":"https:\/\/ncpz.uksw.edu.pl\/pl\/wp-json\/wp\/v2\/pages\/22456\/revisions\/22539"}],"up":[{"embeddable":true,"href":"https:\/\/ncpz.uksw.edu.pl\/pl\/wp-json\/wp\/v2\/pages\/22450"}],"wp:attachment":[{"href":"https:\/\/ncpz.uksw.edu.pl\/pl\/wp-json\/wp\/v2\/media?parent=22456"}],"curies":[{"name":"wp","href":"https:\/\/api.w.org\/{rel}","templated":true}]}}