{"id":22450,"date":"2024-01-30T09:45:43","date_gmt":"2024-01-30T08:45:43","guid":{"rendered":"https:\/\/ncpz.uksw.edu.pl\/?page_id=22450"},"modified":"2024-01-30T11:27:54","modified_gmt":"2024-01-30T10:27:54","slug":"dzialalnosc","status":"publish","type":"page","link":"https:\/\/ncpz.uksw.edu.pl\/dzialalnosc\/","title":{"rendered":"Dzia\u0142alno\u015b\u0107"},"content":{"rendered":"\r\n<div class=\"\">\r\n\r\n<div class=\"page_heading\"> <img decoding=\"async\" src=\"https:\/\/ncpz.uksw.edu.pl\/wp-content\/themes\/uksw\/images\/note-2_white.svg\" alt=\"\"> Wybierz interesuj\u0105cy Ci\u0119 dzia\u0142:<\/div>\r\n<div class=\"candidate_box_sec\">\r\n<div class=\"row\">\r\n\r\n    \r\n                                \r\n                            <div class=\"col-xl-6 col-lg-6 col-md-12 col-sm-12 project\">\r\n                                <a href=\"https:\/\/ncpz.uksw.edu.pl\/?post_type=page&#038;p=22456\" class=\"project_box\">\r\n                                    <div class=\"candidate_box project_box\">\r\n                                        <div class=\"candidate_box_title\">Konferencje<\/div>\r\n                                                                                <div class=\"candidate_box_sub_title\">i warsztaty<\/div>\r\n                                                                                <img decoding=\"async\" src=\"https:\/\/ncpz.uksw.edu.pl\/wp-content\/themes\/uksw\/images\/arrow_more1.svg\" alt=\"\">  \r\n                                    <\/div>\r\n                                <\/a>\r\n                            <\/div>\r\n                      \r\n                        \r\n                            \r\n                                \r\n                            <div class=\"col-xl-6 col-lg-6 col-md-12 col-sm-12 project\">\r\n                                <a href=\"https:\/\/ncpz.uksw.edu.pl\/?post_type=page&#038;p=22459\" class=\"project_box\">\r\n                                    <div class=\"candidate_box project_box\">\r\n                                        <div class=\"candidate_box_title\">Badania<\/div>\r\n                                                                                <div class=\"candidate_box_sub_title\">i projekty naukowe<\/div>\r\n                                                                                <img decoding=\"async\" src=\"https:\/\/ncpz.uksw.edu.pl\/wp-content\/themes\/uksw\/images\/arrow_more1.svg\" alt=\"\">  \r\n                                    <\/div>\r\n                                <\/a>\r\n                            <\/div>\r\n                      \r\n                        \r\n                            \r\n                                \r\n                            <div class=\"col-xl-6 col-lg-6 col-md-12 col-sm-12 project\">\r\n                                <a href=\"https:\/\/ncpz.uksw.edu.pl\/?post_type=page&#038;p=22458\" class=\"project_box\">\r\n                                    <div class=\"candidate_box project_box\">\r\n                                        <div class=\"candidate_box_title\">Czasopismo<\/div>\r\n                                                                                <img decoding=\"async\" src=\"https:\/\/ncpz.uksw.edu.pl\/wp-content\/themes\/uksw\/images\/arrow_more1.svg\" alt=\"\">  \r\n                                    <\/div>\r\n                                <\/a>\r\n                            <\/div>\r\n                      \r\n                        \r\n                            \r\n                                \r\n                            <div class=\"col-xl-6 col-lg-6 col-md-12 col-sm-12 project\">\r\n                                <a href=\"https:\/\/ncpz.uksw.edu.pl\/?post_type=page&#038;p=22460\" class=\"project_box\">\r\n                                    <div class=\"candidate_box project_box\">\r\n                                        <div class=\"candidate_box_title\">Dydaktyka<\/div>\r\n                                                                                <img decoding=\"async\" src=\"https:\/\/ncpz.uksw.edu.pl\/wp-content\/themes\/uksw\/images\/arrow_more1.svg\" alt=\"\">  \r\n                                    <\/div>\r\n                                <\/a>\r\n                            <\/div>\r\n                      \r\n                        \r\n                            <\/div>\r\n<\/div>\r\n\r\n<\/div>","protected":false},"excerpt":{"rendered":"","protected":false},"author":62,"featured_media":0,"parent":0,"menu_order":0,"comment_status":"closed","ping_status":"closed","template":"page-templates\/template-sub-page.php","meta":{"_acf_changed":false,"inline_featured_image":false,"footnotes":"","_links_to":"","_links_to_target":""},"class_list":["post-22450","page","type-page","status-publish","hentry"],"acf":[],"_links":{"self":[{"href":"https:\/\/ncpz.uksw.edu.pl\/pl\/wp-json\/wp\/v2\/pages\/22450","targetHints":{"allow":["GET"]}}],"collection":[{"href":"https:\/\/ncpz.uksw.edu.pl\/pl\/wp-json\/wp\/v2\/pages"}],"about":[{"href":"https:\/\/ncpz.uksw.edu.pl\/pl\/wp-json\/wp\/v2\/types\/page"}],"author":[{"embeddable":true,"href":"https:\/\/ncpz.uksw.edu.pl\/pl\/wp-json\/wp\/v2\/users\/62"}],"replies":[{"embeddable":true,"href":"https:\/\/ncpz.uksw.edu.pl\/pl\/wp-json\/wp\/v2\/comments?post=22450"}],"version-history":[{"count":3,"href":"https:\/\/ncpz.uksw.edu.pl\/pl\/wp-json\/wp\/v2\/pages\/22450\/revisions"}],"predecessor-version":[{"id":22466,"href":"https:\/\/ncpz.uksw.edu.pl\/pl\/wp-json\/wp\/v2\/pages\/22450\/revisions\/22466"}],"wp:attachment":[{"href":"https:\/\/ncpz.uksw.edu.pl\/pl\/wp-json\/wp\/v2\/media?parent=22450"}],"curies":[{"name":"wp","href":"https:\/\/api.w.org\/{rel}","templated":true}]}}