{"id":22392,"date":"2024-01-18T11:02:20","date_gmt":"2024-01-18T10:02:20","guid":{"rendered":"https:\/\/ncpz.uksw.edu.pl\/?page_id=22392"},"modified":"2025-02-04T09:58:14","modified_gmt":"2025-02-04T08:58:14","slug":"strona-glowna","status":"publish","type":"page","link":"https:\/\/ncpz.uksw.edu.pl\/","title":{"rendered":"Strona g\u0142\u00f3wna"},"content":{"rendered":"\r\n<div class=\"banner\">\r\n<div class=\"banner_bg\">\r\n<div class=\"container\">\r\n\r\n            <div id=\"carouselExampleIndicators\" class=\"carousel carousel-fade\" data-interval=\"3000\" data-bs-ride=\"carousel\">\r\n                \r\n                \r\n\r\n                   <div class=\"row\">\r\n                        <div class=\"col-xl-11 col-lg-11 col-md-12 col-sm-12\">\r\n\r\n                        <div class=\"carousel-inner\">\r\n\r\n                                                                               \r\n                            \r\n                           \r\n                            \r\n                                \r\n                                <div class=\"carousel-item  active \">\r\n                                       <div class=\"row\">\r\n                                            <div class=\"col-xxl-7 col-xl-6 col-lg-6 col-md-12 col-sm-12\">\r\n                                                <div class=\"banner_text\">\r\n                                                                                                        <h2>Narodowe Centrum Polityki Zdrowotnej i Bada\u0144 Nad Nier\u00f3wno\u015bciami w Zdrowiu<\/h2>\r\n                                                    \r\n\r\n                                                    <h1 class=\"slide_no_mobile\"> <\/h1>\r\n                                                    \r\n                                                    <h1 class=\"slide_no_desk\"> <\/h1>\r\n                                                   \r\n\r\n                                                    <div class=\"banner_text1\">Narodowe Centrum Polityki Zdrowotnej i Bada\u0144 Nad Nier\u00f3wno\u015bciami w Zdrowiu zosta\u0142o powo\u0142ane z inicjatywy Ministerstwa Edukacji i Nauki w 2023 roku, jest ukierunkowane na rozw\u00f3j bada\u0144 naukowych nad polityk\u0105 zdrowotn\u0105 na rzecz zwi\u0119kszenia efektywno\u015bci funkcjonowania systemu opieki zdrowotnej w Polsce, popraw\u0119 stanu zdrowia poprzez promowanie rozwi\u0105za\u0144 profilaktyki i promocji zdrowia.<\/div>\r\n                                                                                                        <a href=\"\/o-nas\" class=\"banner_btn\" > WI\u0118CEJ <img decoding=\"async\" src=\"https:\/\/ncpz.uksw.edu.pl\/wp-content\/themes\/uksw\/images\/banner_arrow.svg\" alt=\"\"> <\/a>\r\n                                                                                                    <\/div>\r\n                                            <\/div>\r\n                                            <div class=\"col-xxl-5 col-xl-6 col-lg-6 col-md-12 col-sm-12\">\r\n                                                <div class=\"banner_img\">\r\n                                                    <div class=\"banner_img_all\">\r\n                                                             \r\n                                                                                                      \r\n                                                    <img decoding=\"async\" src=\"https:\/\/ncpz.uksw.edu.pl\/wp-content\/uploads\/sites\/50\/2024\/01\/dna-163466_1920-666x640.jpg\" alt=\"\" class=\"img_all\">\r\n                                                    \r\n\r\n                                                    <\/div>\r\n                                                <\/div>\r\n                                            <\/div>\r\n                                        <\/div>\r\n                                <\/div>\r\n                               \r\n\r\n                                \r\n                                    \r\n                                <\/div>\r\n                        <\/div>\r\n                        <div class=\"col-xxl-1 col-xl-1 col-lg-1 col-md-12 col-sm-12 sm_ban\">\r\n\r\n                            <div class=\"banner_right\">\r\n                                                        \r\n                         \r\n                                                    <p>\r\n                       <a href=\"https:\/\/www.instagram.com\/uksw_uniwersytet\/\"  target=\"_blank\"><img decoding=\"async\" src=\"https:\/\/ncpz.uksw.edu.pl\/wp-content\/uploads\/sites\/50\/2022\/10\/instagram.svg\" alt=\"\"> <span class=\"sr-only\">Profil UKSW <span lang=\"en\">Instagram<\/span><\/span><\/a>\r\n                            <\/p>\r\n                                                    <p>\r\n                       <a href=\"https:\/\/www.facebook.com\/UniwersytetKardynalaStefanaWyszynskiego\/\"  target=\"_blank\"><img decoding=\"async\" src=\"https:\/\/ncpz.uksw.edu.pl\/wp-content\/uploads\/sites\/50\/2022\/10\/facebook.svg\" alt=\"\"> <span class=\"sr-only\">Profil wydzia\u0142u medycznego UKSW <span lang=\"en\">Facebook<\/span><\/span><\/a>\r\n                            <\/p>\r\n                                                    <p>\r\n                       <a href=\"https:\/\/twitter.com\/UKSW_Warszawa\"  target=\"_blank\"><img decoding=\"async\" src=\"https:\/\/ncpz.uksw.edu.pl\/wp-content\/uploads\/sites\/50\/2022\/10\/twitter.svg\" alt=\"\"> <span class=\"sr-only\">Profil UKSW <span lang=\"en\">Twitter<\/span><\/span><\/a>\r\n                            <\/p>\r\n                                                    <p>\r\n                       <a href=\"https:\/\/www.linkedin.com\/school\/uniwersytet-kardyna%C5%82a-stefana-wyszy%C5%84skiego-w-warszawie\/\"  target=\"_blank\"><img decoding=\"async\" src=\"https:\/\/ncpz.uksw.edu.pl\/wp-content\/uploads\/sites\/50\/2022\/10\/linkedin.svg\" alt=\"\"> <span class=\"sr-only\">Profil UKSW <span lang=\"en\">Linkedin<\/span><\/span><\/a>\r\n                            <\/p>\r\n                                                    <p>\r\n                       <a href=\"https:\/\/www.youtube.com\/channel\/UCEGzRv_HAOef2F54RqKKShA\"  target=\"_blank\"><img decoding=\"async\" src=\"https:\/\/ncpz.uksw.edu.pl\/wp-content\/uploads\/sites\/50\/2022\/10\/youtube.svg\" alt=\"\"> <span class=\"sr-only\">UKSW <span lang=\"en\">YouTube<\/span><\/span><\/a>\r\n                            <\/p>\r\n                                                    <p>\r\n                       <a href=\"https:\/\/open.spotify.com\/playlist\/4VBxQBcXqXkKjRCVbqpbmX?si=305dc710bf68408b&#038;nd=1\"  target=\"_blank\"><img decoding=\"async\" src=\"https:\/\/ncpz.uksw.edu.pl\/wp-content\/uploads\/sites\/50\/2022\/10\/spotify.svg\" alt=\"\"> <span class=\"sr-only\">UKSW <span lang=\"en\">Spotify<\/span><\/span><\/a>\r\n                            <\/p>\r\n                                                    <p>\r\n                       <a href=\"https:\/\/www.tiktok.com\/@uksw_uniwersytet\"  target=\"_blank\"><img decoding=\"async\" src=\"\" alt=\"\"> <span class=\"sr-only\">UKSW TikTok<\/span><\/a>\r\n                            <\/p>\r\n                        \r\n\r\n                             <\/div>\r\n\r\n                        <\/div>\r\n                    <\/div>\r\n\r\n                    <div class=\"row\">\r\n                        <div class=\"col-xl-11 col-lg-11 col-md-12 col-sm-12\">\r\n                            <div class=\"row\">\r\n                                 <div class=\"col-xxl-6 col-xl-6 col-lg-6 col-md-12 col-sm-12\">\r\n\r\n        \r\n        \r\n            <div class=\"banner_search not_mob\">\r\n            <form name=\"search\" id=\"searchFRM\" action=\"https:\/\/ncpz.uksw.edu.pl\/pl\/\">\r\n<div class=\"input-group\">\r\n  <div class=\"form-outline\">\r\n  <label for=\"search-input\" class=\"sr-only\">Wpisz wyszukiwan\u0105 fraz\u0119<\/label>\r\n  <input id=\"search-input\" type=\"text\"  name=\"s\" class=\"form-control\" placeholder=\"Wpisz tu wyszukiwane s\u0142owa\" value=\"\" \/>\r\n   <\/div>\r\n  <button id=\"search-button\" type=\"submit\" title=\"Kliknij, aby wyszuka\u0107\" class=\"btn btn_banner_search\">\r\n  Szukaj <i class=\"fas fa-search\"><\/i>\r\n  <\/button>\r\n<\/div>\r\n<\/form>\r\n <\/div>\r\n                                  <\/div>\r\n                                 <div class=\"col-xxl-6 col-xl-6 col-lg-6 col-md-12 col-sm-12 ban_slide\">\r\n                              \r\n                                 <\/div>\r\n                            <\/div>\r\n                           \r\n                        <\/div>\r\n                        <div class=\"col-xxl-1 col-xl-1 col-lg-1 col-md-12 col-sm-12 sm_ban\">\r\n                                                <\/div>\r\n                       \r\n                    <\/div>\r\n                \r\n            <\/div>\r\n\r\n\r\n<\/div>\r\n<\/div>\r\n<\/div>  \r\n\r\n \r\n\r\n\r\n\r\n\r\n\r\n<div class=\"modal fade\" id=\"ybanner-block_e9b83e8c583b575d4a0cc71da5720c17\" tabindex=\"-1\"  aria-hidden=\"true\">\r\n  <div class=\"modal-dialog\">\r\n    <div class=\"modal-content\">\r\n          <div class=\"modal-header\">\r\n        <button type=\"button\" class=\"btn-close\" id=\"youtube\" data-bs-dismiss=\"modal\" aria-label=\"Close\"><\/button>\r\n      <\/div>\r\n      <div class=\"modal-body\">\r\n      <iframe tabindex=\"0\" title=\"Film o archiwach pa\u0144stwowych\" style=\"width:100%; height:650px\" class=\"miheight img_all\" src=\"https:\/\/www.youtube.com\/embed\/?autoplay=1\" allow=\"accelerometer; clipboard-write; encrypted-media; gyroscope; picture-in-picture\" allowfullscreen><\/iframe>\r\n\r\n      <\/div>\r\n     \r\n    <\/div>\r\n  <\/div>\r\n<\/div>\r\n<script type=\"text\/javascript\">\r\n$(document).ready(function() {\r\n\r\n    document.addEventListener('keyup', function(event) {\r\n    if (event.keyCode === 27) {\/\/Escape key\r\n\r\n        $(\"#ybanner-block_e9b83e8c583b575d4a0cc71da5720c17\").modal('hide');\r\n        $(\"#ybanner-block_e9b83e8c583b575d4a0cc71da5720c17 iframe\").attr(\"src\", \"\"); \r\n\r\n        document.getElementsByClassName('btn-close').click();\r\n    }\r\n});\r\n\r\n     \r\n  $('#youtube').on('click', function (e) {\r\n     \/\/ a poor man's stop video\r\n    \r\n     $(\"#ybanner-block_e9b83e8c583b575d4a0cc71da5720c17 iframe\").attr(\"src\", \"\"); \r\n}) \r\n\r\n$('#ybutton').on('click', function (e) {\r\nvar vid=$(this).attr(\"data-bs-url\");\r\n     $(\"#ybanner-block_e9b83e8c583b575d4a0cc71da5720c17 iframe\").attr(\"src\", \"https:\/\/www.youtube.com\/embed\/\" + vid + \"?autoplay=1\"); \r\n}) \r\n\r\n});\r\n\r\n$(\".modal\").click(function (e) {\r\n    setTimeout(function(){\r\n        if (!$('body').hasClass('modal-open')) {\r\n            $(\"#ybanner-block_e9b83e8c583b575d4a0cc71da5720c17 iframe\").attr(\"src\", \"\");\r\n        }\r\n    },1000);\r\n});\r\n\r\n<\/script>\n\n<div class=\"\">\n\n        <div class=\"news_sec\">\n                <div class=\"container\"> \n                        <div class=\"row\">\n                                <div class=\"col-xl-10 col-lg-10 col-md-9 col-sm-12\">\n                                        <div class=\"heading_bg\">\n                                        <h2>Aktualno\u015bci<\/h2>\n                                        <\/div>\n                                <\/div>\n                                <div class=\"col-xl-2 col-lg-2 col-md-3 col-sm-12\">\n                                                                            <div class=\"heading_right\">\n                                        <a href=\"https:\/\/ncpz.uksw.edu.pl\/aktualnosci\/\" id=\"tabnext\"  class=\"more_btn\"> Wi\u0119cej<\/a>\n                                        <\/div>\n                                                                    <\/div>\n                        <\/div>\n\n\n                        <div class=\"news\">\n                        \n                                <button class=\"news_arrow_left\" title=\"Poprzedni slajd\" > <img decoding=\"async\" src=\"https:\/\/ncpz.uksw.edu.pl\/wp-content\/themes\/uksw\/images\/grey_arrow.svg\" class=\"am-prev pointer\"  alt=\"\"><\/button>\n\n\n                                    <div class=\"owl-carousel owl-2\">\n\n                                                                              <a href=\"https:\/\/ncpz.uksw.edu.pl\/?post_type=post&#038;p=22605\">\n                                            <div class=\"media-29101\">\n                                                    <div class=\"image_container\">\n                                                        <img decoding=\"async\" src=\"https:\/\/ncpz.uksw.edu.pl\/wp-content\/uploads\/sites\/50\/2024\/01\/dna-163466_1920-507x388.jpg\" alt=\"\"  class=\"image\">\n                                                        <div class=\"overlay\">\n                                                            <div class=\"text\">\n                                                                    <div class=\"text1\">Raport z badania &#8211; Profilaktyka prozdrowotna a nier\u00f3wno\u015bci w&#8230;<\/div>\n                                                                    <div class=\"text2\"> Narodowe Centrum Polityki Zdrowotnej i Bada\u0144 Nad Nier\u00f3wno\u015bciami W Zdrowiu Uniwersytet&#8230;<\/div>\n                                                            <\/div>\n                                                        <\/div>\n                                                    <\/div>\n                                            <\/div>\n                                        <\/a>\n\n                                                                                  <a href=\"https:\/\/ncpz.uksw.edu.pl\/?post_type=post&#038;p=22567\">\n                                            <div class=\"media-29101\">\n                                                    <div class=\"image_container\">\n                                                        <img decoding=\"async\" src=\"https:\/\/ncpz.uksw.edu.pl\/wp-content\/themes\/uksw\/images\/news_nophoto.png\" alt=\"\"  class=\"image\">\n                                                        <div class=\"overlay\">\n                                                            <div class=\"text\">\n                                                                    <div class=\"text1\">Debata Health Promotion Policy Summit<\/div>\n                                                                    <div class=\"text2\"> Na Uniwersytecie Kardyna\u0142a Stefana Wyszy\u0144skiego odby\u0142a si\u0119 Debata Health Promotion&#8230;<\/div>\n                                                            <\/div>\n                                                        <\/div>\n                                                    <\/div>\n                                            <\/div>\n                                        <\/a>\n\n                                                                                  <a href=\"https:\/\/ncpz.uksw.edu.pl\/?post_type=post&#038;p=22478\">\n                                            <div class=\"media-29101\">\n                                                    <div class=\"image_container\">\n                                                        <img decoding=\"async\" src=\"https:\/\/ncpz.uksw.edu.pl\/wp-content\/uploads\/sites\/50\/2024\/01\/DSC02958-507x388.jpg\" alt=\"\"  class=\"image\">\n                                                        <div class=\"overlay\">\n                                                            <div class=\"text\">\n                                                                    <div class=\"text1\">Priorytety polityki zdrowotnej \u2013 nowe otwarcie<\/div>\n                                                                    <div class=\"text2\"> W dniu 13 grudnia 2023 r. w siedzibie Uniwersytetu Kardyna\u0142a Stefana Wyszy\u0144skiego&#8230;<\/div>\n                                                            <\/div>\n                                                        <\/div>\n                                                    <\/div>\n                                            <\/div>\n                                        <\/a>\n\n                                                                                  <a href=\"https:\/\/ncpz.uksw.edu.pl\/?post_type=post&#038;p=22430\">\n                                            <div class=\"media-29101\">\n                                                    <div class=\"image_container\">\n                                                        <img decoding=\"async\" src=\"https:\/\/ncpz.uksw.edu.pl\/wp-content\/uploads\/sites\/50\/2024\/01\/medicine-and-health-care-2023-11-27-05-20-21-utc-1-507x388.jpg\" alt=\"\"  class=\"image\">\n                                                        <div class=\"overlay\">\n                                                            <div class=\"text\">\n                                                                    <div class=\"text1\">Innowacje biomedyczne \u2013 studia MBA i studia podyplomowe dla wzmocnienia&#8230;<\/div>\n                                                                    <div class=\"text2\"> Projekt dofinansowany ze \u015brodk\u00f3w bud\u017cetu pa\u0144stwa realizowany jest na podstawie&#8230;<\/div>\n                                                            <\/div>\n                                                        <\/div>\n                                                    <\/div>\n                                            <\/div>\n                                        <\/a>\n\n                                        \n                                    <\/div>\n                                \n                                \n                            \n                                <button class=\"news_arrow_right\" title=\"Nast\u0119pny slajd\" tabindex=\"0\"> <img decoding=\"async\" src=\"https:\/\/ncpz.uksw.edu.pl\/wp-content\/themes\/uksw\/images\/blue_arrow.svg\" class=\"pointer\"  alt=\"\"><\/button>\n                            \n                        <\/div>\n\n\n                <\/div>\n        <\/div>\n<\/div>\n\n\n\n<div class=\"\">\r\n\r\n\r\n    <div class=\"shortcuts_sec\">\r\n       <div class=\"container\">\r\n            <div class=\"row\">\r\n                <div class=\"col-xl-3 col-lg-3 col-md-3 col-sm-6 col-xs-6 shortcuts_sec_left hide\">\r\n\r\n                <\/div>\r\n                <div class=\"col-xl-6 col-lg-6 col-md-6 col-sm-12 col-xs-6\">\r\n                <div class=\"heading_bg1\">\r\n                <h2>Na skr\u00f3ty<\/h2>\r\n                <\/div>\r\n                <\/div>\r\n                <div class=\"col-xl-3 col-lg-3 col-md-3 col-sm-6 col-xs-6 shortcuts_sec_left hide\">\r\n\r\n                            <\/div>\r\n            <\/div>  \r\n\r\n            <div class=\"row\">\r\n            <div class=\"owl-carousel owl-13\">\r\n            \r\n<div class=\"col\">\r\n<a href=\"https:\/\/biblioteka.uksw.edu.pl\/\" title=\"Biblioteka\" >\r\n<div class=\"short_box \">\r\n<div class=\"figure\">\r\n  <img decoding=\"async\" class=\"image-main\" id=\"Image0\" border=\"0\" src=\"https:\/\/ncpz.uksw.edu.pl\/wp-content\/uploads\/sites\/50\/2022\/10\/receipt-item.svg\" alt=\"\">\r\n  <img decoding=\"async\" class=\"image-hover\" src=\"https:\/\/ncpz.uksw.edu.pl\/wp-content\/uploads\/sites\/50\/2022\/10\/receipt-item-1.svg\" alt=\"\">\r\n<\/div>\r\n<\/div>\r\n  <div class=\"short_title\">Biblioteka<\/div>\r\n                            <\/a>\r\n<\/div>\r\n\r\n \r\n<div class=\"col\">\r\n<a href=\"https:\/\/wydawnictwo.uksw.edu.pl\/\" title=\"Wydawnictwo\" >\r\n<div class=\"short_box \">\r\n<div class=\"figure\">\r\n  <img decoding=\"async\" class=\"image-main\" id=\"Image1\" border=\"0\" src=\"https:\/\/ncpz.uksw.edu.pl\/wp-content\/uploads\/sites\/50\/2022\/10\/messages-3-1.svg\" alt=\"\">\r\n  <img decoding=\"async\" class=\"image-hover\" src=\"https:\/\/ncpz.uksw.edu.pl\/wp-content\/uploads\/sites\/50\/2022\/10\/messages-3-1-1.svg\" alt=\"\">\r\n<\/div>\r\n<\/div>\r\n  <div class=\"short_title\">Wydawnictwo<\/div>\r\n                            <\/a>\r\n<\/div>\r\n\r\n \r\n<div class=\"col\">\r\n<a href=\"https:\/\/monitor.uksw.edu.pl\/\" title=\"Monitor UKSW\" >\r\n<div class=\"short_box \">\r\n<div class=\"figure\">\r\n  <img decoding=\"async\" class=\"image-main\" id=\"Image2\" border=\"0\" src=\"https:\/\/ncpz.uksw.edu.pl\/wp-content\/uploads\/sites\/50\/2022\/10\/save-2-1.svg\" alt=\"\">\r\n  <img decoding=\"async\" class=\"image-hover\" src=\"https:\/\/ncpz.uksw.edu.pl\/wp-content\/uploads\/sites\/50\/2022\/10\/save-2-1-1.svg\" alt=\"\">\r\n<\/div>\r\n<\/div>\r\n  <div class=\"short_title\">Monitor UKSW<\/div>\r\n                            <\/a>\r\n<\/div>\r\n\r\n \r\n<div class=\"col\">\r\n<a href=\"\/kandydaci\/studies-in-english\/\" title=\"Studies in english\" >\r\n<div class=\"short_box \">\r\n<div class=\"figure\">\r\n  <img decoding=\"async\" class=\"image-main\" id=\"Image3\" border=\"0\" src=\"https:\/\/ncpz.uksw.edu.pl\/wp-content\/uploads\/sites\/50\/2022\/10\/folder-open.svg\" alt=\"\">\r\n  <img decoding=\"async\" class=\"image-hover\" src=\"https:\/\/ncpz.uksw.edu.pl\/wp-content\/uploads\/sites\/50\/2022\/10\/folder-open-1.svg\" alt=\"\">\r\n<\/div>\r\n<\/div>\r\n  <div class=\"short_title\">Studies in english<\/div>\r\n                            <\/a>\r\n<\/div>\r\n\r\n \r\n<div class=\"col\">\r\n<a href=\"https:\/\/oferta.uksw.edu.pl\/pl\/\" title=\"IRK\" >\r\n<div class=\"short_box \">\r\n<div class=\"figure\">\r\n  <img decoding=\"async\" class=\"image-main\" id=\"Image4\" border=\"0\" src=\"https:\/\/ncpz.uksw.edu.pl\/wp-content\/uploads\/sites\/50\/2022\/10\/direct-inbox.svg\" alt=\"\">\r\n  <img decoding=\"async\" class=\"image-hover\" src=\"https:\/\/ncpz.uksw.edu.pl\/wp-content\/uploads\/sites\/50\/2022\/10\/direct-inbox-1.svg\" alt=\"\">\r\n<\/div>\r\n<\/div>\r\n  <div class=\"short_title\">IRK<\/div>\r\n                            <\/a>\r\n<\/div>\r\n\r\n \r\n<div class=\"col\">\r\n<a href=\"https:\/\/csi.uksw.edu.pl\/\" title=\"IT\" >\r\n<div class=\"short_box \">\r\n<div class=\"figure\">\r\n  <img decoding=\"async\" class=\"image-main\" id=\"Image5\" border=\"0\" src=\"https:\/\/ncpz.uksw.edu.pl\/wp-content\/uploads\/sites\/50\/2022\/10\/star-2.svg\" alt=\"\">\r\n  <img decoding=\"async\" class=\"image-hover\" src=\"https:\/\/ncpz.uksw.edu.pl\/wp-content\/uploads\/sites\/50\/2022\/10\/star-1-1.svg\" alt=\"\">\r\n<\/div>\r\n<\/div>\r\n  <div class=\"short_title\">IT<\/div>\r\n                            <\/a>\r\n<\/div>\r\n\r\n \r\n<div class=\"col\">\r\n<a href=\"https:\/\/usosweb.uksw.edu.pl\/kontroler.php?_action=news\/default\" title=\"USOS\" >\r\n<div class=\"short_box \">\r\n<div class=\"figure\">\r\n  <img decoding=\"async\" class=\"image-main\" id=\"Image6\" border=\"0\" src=\"https:\/\/ncpz.uksw.edu.pl\/wp-content\/uploads\/sites\/50\/2022\/10\/monitor-1.svg\" alt=\"\">\r\n  <img decoding=\"async\" class=\"image-hover\" src=\"https:\/\/ncpz.uksw.edu.pl\/wp-content\/uploads\/sites\/50\/2022\/10\/monitor-1-1.svg\" alt=\"\">\r\n<\/div>\r\n<\/div>\r\n  <div class=\"short_title\">USOS<\/div>\r\n                            <\/a>\r\n<\/div>\r\n\r\n \r\n<div class=\"col\">\r\n<a href=\"\/uniwersytet\/dla-mediow\/\" title=\"Dla medi\u00f3w\" >\r\n<div class=\"short_box \">\r\n<div class=\"figure\">\r\n  <img decoding=\"async\" class=\"image-main\" id=\"Image7\" border=\"0\" src=\"https:\/\/ncpz.uksw.edu.pl\/wp-content\/uploads\/sites\/50\/2022\/10\/favorite-chart-1.svg\" alt=\"\">\r\n  <img decoding=\"async\" class=\"image-hover\" src=\"https:\/\/ncpz.uksw.edu.pl\/wp-content\/uploads\/sites\/50\/2022\/10\/favorite-chart-1-1.svg\" alt=\"\">\r\n<\/div>\r\n<\/div>\r\n  <div class=\"short_title\">Dla medi\u00f3w<\/div>\r\n                            <\/a>\r\n<\/div>\r\n\r\n \r\n <\/div> \r\n            <\/div>\r\n        <\/div>\r\n    <\/div>\r\n\r\n\r\n     \r\n\r\n   \r\n<\/div>\n\n\n<p><\/p>\n","protected":false},"excerpt":{"rendered":"","protected":false},"author":62,"featured_media":0,"parent":0,"menu_order":0,"comment_status":"closed","ping_status":"closed","template":"page-templates\/template-home-page.php","meta":{"_acf_changed":false,"inline_featured_image":false,"footnotes":"","_links_to":"","_links_to_target":""},"class_list":["post-22392","page","type-page","status-publish","hentry"],"acf":[],"_links":{"self":[{"href":"https:\/\/ncpz.uksw.edu.pl\/pl\/wp-json\/wp\/v2\/pages\/22392","targetHints":{"allow":["GET"]}}],"collection":[{"href":"https:\/\/ncpz.uksw.edu.pl\/pl\/wp-json\/wp\/v2\/pages"}],"about":[{"href":"https:\/\/ncpz.uksw.edu.pl\/pl\/wp-json\/wp\/v2\/types\/page"}],"author":[{"embeddable":true,"href":"https:\/\/ncpz.uksw.edu.pl\/pl\/wp-json\/wp\/v2\/users\/62"}],"replies":[{"embeddable":true,"href":"https:\/\/ncpz.uksw.edu.pl\/pl\/wp-json\/wp\/v2\/comments?post=22392"}],"version-history":[{"count":33,"href":"https:\/\/ncpz.uksw.edu.pl\/pl\/wp-json\/wp\/v2\/pages\/22392\/revisions"}],"predecessor-version":[{"id":22608,"href":"https:\/\/ncpz.uksw.edu.pl\/pl\/wp-json\/wp\/v2\/pages\/22392\/revisions\/22608"}],"wp:attachment":[{"href":"https:\/\/ncpz.uksw.edu.pl\/pl\/wp-json\/wp\/v2\/media?parent=22392"}],"curies":[{"name":"wp","href":"https:\/\/api.w.org\/{rel}","templated":true}]}}